{"id":30,"date":"2017-06-20T11:39:44","date_gmt":"2017-06-20T09:39:44","guid":{"rendered":"https:\/\/ideasysoluciones.com.mx\/?page_id=30"},"modified":"2024-08-21T01:47:57","modified_gmt":"2024-08-20T23:47:57","slug":"our-services","status":"publish","type":"page","link":"https:\/\/ideasysoluciones.com.mx\/index.php\/our-services\/","title":{"rendered":"Servicios"},"content":{"rendered":"<section class=\"wpb-content-wrapper\"><p>[vc_row full_width=\u00bbstretch_row\u00bb scheme=\u00bbdark\u00bb extra_bg_mask=\u00bb6&#8243; hide_bg_image_on_tablet=\u00bb\u00bb hide_bg_image_on_mobile=\u00bb\u00bb css=\u00bb.vc_custom_1723342211073{background: rgba(10,10,10,0.8) url(http:\/\/ideasysoluciones.com.mx\/wp-content\/uploads\/2024\/08\/2-heads.jpeg?id=5444) !important;background-position: center !important;background-repeat: no-repeat !important;background-size: cover !important;*background-color: rgb(10,10,10) !important;}\u00bb][vc_column icons_position=\u00bbleft\u00bb offset=\u00bbvc_col-md-6&#8243;][vc_empty_space alter_height=\u00bbmedium\u00bb hide_on_desktop=\u00bb\u00bb hide_on_notebook=\u00bb\u00bb hide_on_tablet=\u00bb\u00bb hide_on_mobile=\u00bb\u00bb]<div id=\"sc_title_1781050759\"\n\t\tclass=\"sc_title color_style_default sc_title_default\"><h6 class=\"sc_item_subtitle sc_title_subtitle sc_align_left sc_item_title_style_default\">Servicio t\u00e9cnico oficial y especializado en la reparaci\u00f3n de impresoras y multifuncionales<\/h6><h2 class=\"sc_item_title sc_title_title sc_align_left sc_item_title_style_default sc_item_title_tag\">Servicio T\u00e9cnico<\/h2><\/div><!-- \/.sc_title -->[vc_empty_space hide_on_desktop=\u00bb\u00bb hide_on_notebook=\u00bb\u00bb hide_on_tablet=\u00bb\u00bb hide_on_mobile=\u00bb\u00bb]<a href=\"https:\/\/wa.me\/+528112442352\" id=\"sc_button_774991518\" class=\"sc_button color_style_default sc_button_default sc_button_size_normal sc_button_icon_left\"><span class=\"sc_button_text\"><span class=\"sc_button_title\">Mas Informaci\u00f3n<\/span><\/span><!-- \/.sc_button_text --><\/a><!-- \/.sc_button -->[vc_empty_space alter_height=\u00bbmedium\u00bb hide_on_desktop=\u00bb\u00bb hide_on_notebook=\u00bb\u00bb hide_on_tablet=\u00bb\u00bb hide_on_mobile=\u00bb\u00bb css=\u00bb.vc_custom_1507883267798{margin-bottom: 0.8rem !important;}\u00bb][\/vc_column][\/vc_row][vc_row equal_height=\u00bbyes\u00bb content_placement=\u00bbmiddle\u00bb hide_bg_image_on_tablet=\u00bb\u00bb hide_bg_image_on_mobile=\u00bb\u00bb][vc_column icons_position=\u00bbleft\u00bb offset=\u00bbvc_col-md-6&#8243;][vc_single_image image=\u00bb5466&#8243; img_size=\u00bbfull\u00bb][\/vc_column][vc_column icons_position=\u00bbleft\u00bb offset=\u00bbvc_col-md-6&#8243;][vc_empty_space alter_height=\u00bblarge\u00bb hide_on_desktop=\u00bb1&#8243; hide_on_notebook=\u00bb1&#8243; hide_on_tablet=\u00bb\u00bb hide_on_mobile=\u00bb\u00bb]<div id=\"sc_content_539385595\"\n\t\tclass=\"sc_content color_style_default sc_content_default sc_float_center sc_padding_tiny\"><div class=\"sc_content_container\"><div id=\"sc_title_1588198548\"\n\t\tclass=\"sc_title color_style_default sc_title_default\"><h6 class=\"sc_item_subtitle sc_title_subtitle sc_align_left sc_item_title_style_default\">Nuestros Servicios<\/h6><h3 class=\"sc_item_title sc_title_title sc_align_left sc_item_title_style_default\">Arrendamiento de Equipos<\/h3><div class=\"sc_item_descr sc_title_descr sc_align_left\"><p>Aseguramos la calidad, productividad y eficiencia en su operaci\u00f3n mediante nuestros servicios de arrendamiento de equipos, los cuales incluyen los servicios t\u00e9cnicos necesarios para asegurar correcto funcionamiento de sus equipos, garantizamos la mayor eficiencia al utilizar consumibles y refacciones originales, excepto papel.<\/p>\n<\/div><\/div><!-- \/.sc_title --><\/div><\/div><!-- \/.sc_content -->[\/vc_column][\/vc_row][vc_row equal_height=\u00bbyes\u00bb content_placement=\u00bbmiddle\u00bb hide_bg_image_on_tablet=\u00bb\u00bb hide_bg_image_on_mobile=\u00bb\u00bb][vc_column icons_position=\u00bbleft\u00bb offset=\u00bbvc_col-md-6&#8243;][vc_empty_space alter_height=\u00bblarge\u00bb hide_on_desktop=\u00bb1&#8243; hide_on_notebook=\u00bb1&#8243; hide_on_tablet=\u00bb\u00bb hide_on_mobile=\u00bb\u00bb]<div id=\"sc_content_1169345881\"\n\t\tclass=\"sc_content color_style_default sc_content_default sc_float_center sc_padding_tiny\"><div class=\"sc_content_container\"><div id=\"sc_title_2038227942\"\n\t\tclass=\"sc_title color_style_default sc_title_default\"><h6 class=\"sc_item_subtitle sc_title_subtitle sc_align_left sc_item_title_style_default\">SERVICIO DE MANTENIMIENTO INTEGRAL DE SUS EQUIPOS.<\/h6><h3 class=\"sc_item_title sc_title_title sc_align_left sc_item_title_style_default\">Servicio t\u00e9cnico oficial y especializado en la reparaci\u00f3n de impresoras y multifuncionales.<\/h3><div class=\"sc_item_descr sc_title_descr sc_align_left\"><p>Disponemos del mejor equipo de profesionales certificados para mantener y reparar sus equipos de impresi\u00f3n. Nuestro Personal de Servicio T\u00e9cnico oficial nos permite trabajar con la m\u00e1xima rapidez y bajo los rigurosos est\u00e1ndares de calidad exigidos por el fabricante. Gestionamos todos los pedidos de piezas y repuestos en garant\u00eda. En caso de que \u00e9sta ya haya terminado realizamos previamente un presupuesto de reparaci\u00f3n.<\/p>\n<\/div><\/div><!-- \/.sc_title --><\/div><\/div><!-- \/.sc_content -->[\/vc_column][vc_column icons_position=\u00bbleft\u00bb offset=\u00bbvc_col-md-6&#8243;][vc_single_image image=\u00bb5465&#8243; img_size=\u00bbfull\u00bb][\/vc_column][\/vc_row][vc_row full_width=\u00bbstretch_row\u00bb scheme=\u00bbdark\u00bb extra_bg_mask=\u00bb6&#8243; hide_bg_image_on_tablet=\u00bb\u00bb hide_bg_image_on_mobile=\u00bb\u00bb css=\u00bb.vc_custom_1720641597492{background: rgba(10,10,10,0.8) url(http:\/\/ideasysoluciones.com.mx\/wp-content\/uploads\/2024\/07\/Fist-Orange-Banner.jpeg?id=5280) !important;background-position: center !important;background-repeat: no-repeat !important;background-size: cover !important;*background-color: rgb(10,10,10) !important;}\u00bb][vc_column icons_position=\u00bbleft\u00bb offset=\u00bbvc_col-md-6&#8243;][vc_empty_space alter_height=\u00bbmedium\u00bb hide_on_desktop=\u00bb\u00bb hide_on_notebook=\u00bb\u00bb hide_on_tablet=\u00bb\u00bb hide_on_mobile=\u00bb\u00bb]<div id=\"sc_title_360182860\"\n\t\tclass=\"sc_title color_style_default sc_title_default\"><h6 class=\"sc_item_subtitle sc_title_subtitle sc_align_left sc_item_title_style_default\">Si deseas mas informaci\u00f3n<\/h6><h2 class=\"sc_item_title sc_title_title sc_align_left sc_item_title_style_default sc_item_title_tag\">Cont\u00e1ctanos<\/h2><\/div><!-- \/.sc_title -->[vc_empty_space hide_on_desktop=\u00bb\u00bb hide_on_notebook=\u00bb\u00bb hide_on_tablet=\u00bb\u00bb hide_on_mobile=\u00bb\u00bb]<a href=\"https:\/\/ideasysoluciones.com.mx\/index.php\/contacts\/\" id=\"sc_button_572945843\" class=\"sc_button color_style_default sc_button_default sc_button_size_normal sc_button_icon_left\"><span class=\"sc_button_text\"><span class=\"sc_button_title\">Contactar<\/span><\/span><!-- \/.sc_button_text --><\/a><!-- \/.sc_button -->[vc_empty_space alter_height=\u00bbmedium\u00bb hide_on_desktop=\u00bb\u00bb hide_on_notebook=\u00bb\u00bb hide_on_tablet=\u00bb\u00bb hide_on_mobile=\u00bb\u00bb css=\u00bb.vc_custom_1507883267798{margin-bottom: 0.8rem !important;}\u00bb][\/vc_column][\/vc_row][vc_row equal_height=\u00bbyes\u00bb content_placement=\u00bbmiddle\u00bb hide_bg_image_on_tablet=\u00bb\u00bb hide_bg_image_on_mobile=\u00bb\u00bb][vc_column icons_position=\u00bbleft\u00bb offset=\u00bbvc_col-md-6&#8243;][vc_single_image image=\u00bb5464&#8243; img_size=\u00bbfull\u00bb][\/vc_column][vc_column icons_position=\u00bbleft\u00bb offset=\u00bbvc_col-md-6&#8243;][vc_empty_space alter_height=\u00bblarge\u00bb hide_on_desktop=\u00bb1&#8243; hide_on_notebook=\u00bb1&#8243; hide_on_tablet=\u00bb\u00bb hide_on_mobile=\u00bb\u00bb]<div id=\"sc_content_654802852\"\n\t\tclass=\"sc_content color_style_default sc_content_default sc_float_center sc_padding_tiny\"><div class=\"sc_content_container\"><div id=\"sc_title_18387372\"\n\t\tclass=\"sc_title color_style_default sc_title_default\"><h6 class=\"sc_item_subtitle sc_title_subtitle sc_align_left sc_item_title_style_default\">CONSULTOR\u00cdAS DE IMPRESI\u00d3N.<\/h6><h3 class=\"sc_item_title sc_title_title sc_align_left sc_item_title_style_default\">Arrendamiento de Equipos<\/h3><div class=\"sc_item_descr sc_title_descr sc_align_left\"><p>La mayor\u00eda de las empresas desconocen cu\u00e1nto tiempo y dinero invierten en sus procesos documentales y dispositivos de impresi\u00f3n. Nosotros le ayudaremos a asumir el control sobre sus documentos y a reducir tus costes de impresi\u00f3n de manera significativa. Para poder ofrecer la soluci\u00f3n que mejor se adapta a su negocio y sus necesidades es indispensable analizar vol\u00famenes de impresi\u00f3n, tipos de documentos que se imprime, flujos de trabajo, procesos, posibles agujeros de seguridad, etc.<br \/>\nNuestra propuesta posterior le ayudar\u00e1 a mejorar su productividad y rentabilidad en su negocio.<\/p>\n<\/div><\/div><!-- \/.sc_title --><\/div><\/div><!-- \/.sc_content -->[\/vc_column][\/vc_row][vc_row full_width=\u00bbstretch_row\u00bb scheme=\u00bbdark\u00bb extra_bg_mask=\u00bb6&#8243; hide_bg_image_on_tablet=\u00bb\u00bb hide_bg_image_on_mobile=\u00bb\u00bb css=\u00bb.vc_custom_1720641597492{background: rgba(10,10,10,0.8) url(http:\/\/ideasysoluciones.com.mx\/wp-content\/uploads\/2024\/07\/Fist-Orange-Banner.jpeg?id=5280) !important;background-position: center !important;background-repeat: no-repeat !important;background-size: cover !important;*background-color: rgb(10,10,10) !important;}\u00bb][vc_column icons_position=\u00bbleft\u00bb offset=\u00bbvc_col-md-6&#8243;][vc_empty_space alter_height=\u00bbmedium\u00bb hide_on_desktop=\u00bb\u00bb hide_on_notebook=\u00bb\u00bb hide_on_tablet=\u00bb\u00bb hide_on_mobile=\u00bb\u00bb]<div id=\"sc_title_144724549\"\n\t\tclass=\"sc_title color_style_default sc_title_default\"><h6 class=\"sc_item_subtitle sc_title_subtitle sc_align_left sc_item_title_style_default\">Si deseas mas informaci\u00f3n<\/h6><h2 class=\"sc_item_title sc_title_title sc_align_left sc_item_title_style_default sc_item_title_tag\">Cont\u00e1ctanos<\/h2><\/div><!-- \/.sc_title -->[vc_empty_space hide_on_desktop=\u00bb\u00bb hide_on_notebook=\u00bb\u00bb hide_on_tablet=\u00bb\u00bb hide_on_mobile=\u00bb\u00bb]<a href=\"https:\/\/ideasysoluciones.com.mx\/index.php\/contacts\/\" id=\"sc_button_121866737\" class=\"sc_button color_style_default sc_button_default sc_button_size_normal sc_button_icon_left\"><span class=\"sc_button_text\"><span class=\"sc_button_title\">Contactar<\/span><\/span><!-- \/.sc_button_text --><\/a><!-- \/.sc_button -->[vc_empty_space alter_height=\u00bbmedium\u00bb hide_on_desktop=\u00bb\u00bb hide_on_notebook=\u00bb\u00bb hide_on_tablet=\u00bb\u00bb hide_on_mobile=\u00bb\u00bb css=\u00bb.vc_custom_1507883267798{margin-bottom: 0.8rem !important;}\u00bb][\/vc_column][\/vc_row][vc_row equal_height=\u00bbyes\u00bb content_placement=\u00bbmiddle\u00bb hide_bg_image_on_tablet=\u00bb\u00bb hide_bg_image_on_mobile=\u00bb\u00bb][vc_column icons_position=\u00bbleft\u00bb offset=\u00bbvc_col-md-6&#8243;][vc_empty_space alter_height=\u00bblarge\u00bb hide_on_desktop=\u00bb1&#8243; hide_on_notebook=\u00bb1&#8243; hide_on_tablet=\u00bb\u00bb hide_on_mobile=\u00bb\u00bb]<div id=\"sc_content_1046420240\"\n\t\tclass=\"sc_content color_style_default sc_content_default sc_float_center sc_padding_tiny\"><div class=\"sc_content_container\"><div id=\"sc_title_304834590\"\n\t\tclass=\"sc_title color_style_default sc_title_default\"><h6 class=\"sc_item_subtitle sc_title_subtitle sc_align_left sc_item_title_style_default\">Ideas y Soluciones en Copiado<\/h6><h3 class=\"sc_item_title sc_title_title sc_align_left sc_item_title_style_default\">Brinda Servicio de Asistencia T\u00e9cnica oficial a nivel Nacional.<\/h3><div class=\"sc_item_descr sc_title_descr sc_align_left\"><p>Disponemos de una amplia gama de herramientas con la \u00faltima tecnolog\u00eda y un equipo de t\u00e9cnicos altamente cualificado, con la certificaci\u00f3n de nuestra marca, para realizar la reparaci\u00f3n y mantenimiento preventivo y correctivo de sus equipos de impresi\u00f3n en el menor tiempo posible y con la mayor calidad garantizada.<br \/>\nSomos el servicio t\u00e9cnico de KYOCERA de referencia en el norte del pa\u00eds gestionando el mantenimiento de un importante parque equipos de impresi\u00f3n tanto de cliente propio como cliente de gran cuenta KYOCERA que incluyen sector p\u00fablico y privado, pymes y grandes empresas.<\/p>\n<\/div><\/div><!-- \/.sc_title --><\/div><\/div><!-- \/.sc_content -->[\/vc_column][vc_column icons_position=\u00bbleft\u00bb offset=\u00bbvc_col-md-6&#8243;][vc_single_image image=\u00bb5283&#8243; img_size=\u00bbfull\u00bb][\/vc_column][\/vc_row]<\/p>\n<\/section>","protected":false},"excerpt":{"rendered":"<p>[vc_row full_width=\u00bbstretch_row\u00bb scheme=\u00bbdark\u00bb extra_bg_mask=\u00bb6&#8243; hide_bg_image_on_tablet=\u00bb\u00bb hide_bg_image_on_mobile=\u00bb\u00bb css=\u00bb.vc_custom_1723342211073{background: rgba(10,10,10,0.8) url(http:\/\/ideasysoluciones.com.mx\/wp-content\/uploads\/2024\/08\/2-heads.jpeg?id=5444) !important;background-position: center !important;background-repeat: no-repeat !important;background-size: cover !important;*background-color: rgb(10,10,10) !important;}\u00bb][vc_column icons_position=\u00bbleft\u00bb offset=\u00bbvc_col-md-6&#8243;][vc_empty_space alter_height=\u00bbmedium\u00bb hide_on_desktop=\u00bb\u00bb hide_on_notebook=\u00bb\u00bb hide_on_tablet=\u00bb\u00bb hide_on_mobile=\u00bb\u00bb][vc_empty_space hide_on_desktop=\u00bb\u00bb hide_on_notebook=\u00bb\u00bb hide_on_tablet=\u00bb\u00bb hide_on_mobile=\u00bb\u00bb][vc_empty_space alter_height=\u00bbmedium\u00bb hide_on_desktop=\u00bb\u00bb hide_on_notebook=\u00bb\u00bb hide_on_tablet=\u00bb\u00bb hide_on_mobile=\u00bb\u00bb css=\u00bb.vc_custom_1507883267798{margin-bottom: 0.8rem !important;}\u00bb][\/vc_column][\/vc_row][vc_row equal_height=\u00bbyes\u00bb content_placement=\u00bbmiddle\u00bb hide_bg_image_on_tablet=\u00bb\u00bb hide_bg_image_on_mobile=\u00bb\u00bb][vc_column icons_position=\u00bbleft\u00bb offset=\u00bbvc_col-md-6&#8243;][vc_single_image image=\u00bb5466&#8243; img_size=\u00bbfull\u00bb][\/vc_column][vc_column icons_position=\u00bbleft\u00bb offset=\u00bbvc_col-md-6&#8243;][vc_empty_space alter_height=\u00bblarge\u00bb hide_on_desktop=\u00bb1&#8243; hide_on_notebook=\u00bb1&#8243; hide_on_tablet=\u00bb\u00bb hide_on_mobile=\u00bb\u00bb][\/vc_column][\/vc_row][vc_row equal_height=\u00bbyes\u00bb content_placement=\u00bbmiddle\u00bb hide_bg_image_on_tablet=\u00bb\u00bb hide_bg_image_on_mobile=\u00bb\u00bb][vc_column icons_position=\u00bbleft\u00bb offset=\u00bbvc_col-md-6&#8243;][vc_empty_space alter_height=\u00bblarge\u00bb hide_on_desktop=\u00bb1&#8243;&hellip;<\/p>\n","protected":false},"author":1,"featured_media":0,"parent":0,"menu_order":0,"comment_status":"closed","ping_status":"closed","template":"","meta":{"footnotes":""},"_links":{"self":[{"href":"https:\/\/ideasysoluciones.com.mx\/index.php\/wp-json\/wp\/v2\/pages\/30"}],"collection":[{"href":"https:\/\/ideasysoluciones.com.mx\/index.php\/wp-json\/wp\/v2\/pages"}],"about":[{"href":"https:\/\/ideasysoluciones.com.mx\/index.php\/wp-json\/wp\/v2\/types\/page"}],"author":[{"embeddable":true,"href":"https:\/\/ideasysoluciones.com.mx\/index.php\/wp-json\/wp\/v2\/users\/1"}],"replies":[{"embeddable":true,"href":"https:\/\/ideasysoluciones.com.mx\/index.php\/wp-json\/wp\/v2\/comments?post=30"}],"version-history":[{"count":11,"href":"https:\/\/ideasysoluciones.com.mx\/index.php\/wp-json\/wp\/v2\/pages\/30\/revisions"}],"predecessor-version":[{"id":5467,"href":"https:\/\/ideasysoluciones.com.mx\/index.php\/wp-json\/wp\/v2\/pages\/30\/revisions\/5467"}],"wp:attachment":[{"href":"https:\/\/ideasysoluciones.com.mx\/index.php\/wp-json\/wp\/v2\/media?parent=30"}],"curies":[{"name":"wp","href":"https:\/\/api.w.org\/{rel}","templated":true}]}}