{"id":2,"date":"2017-04-13T10:07:10","date_gmt":"2017-04-13T08:07:10","guid":{"rendered":"https:\/\/ideasysoluciones.com.mx\/?page_id=2"},"modified":"2024-08-21T01:16:03","modified_gmt":"2024-08-20T23:16:03","slug":"home-1","status":"publish","type":"page","link":"https:\/\/ideasysoluciones.com.mx\/","title":{"rendered":"Inicio"},"content":{"rendered":"<section class=\"wpb-content-wrapper\"><p>[vc_row][vc_column icons_position=\u00bbleft\u00bb][rev_slider_vc alias=\u00bbslider-2&#8243;][\/vc_column][\/vc_row][vc_row equal_height=\u00bbyes\u00bb content_placement=\u00bbmiddle\u00bb hide_bg_image_on_tablet=\u00bb\u00bb hide_bg_image_on_mobile=\u00bb\u00bb][vc_column icons_position=\u00bbleft\u00bb offset=\u00bbvc_col-md-6&#8243;][vc_empty_space alter_height=\u00bblarge\u00bb hide_on_desktop=\u00bb1&#8243; hide_on_notebook=\u00bb1&#8243; hide_on_tablet=\u00bb\u00bb hide_on_mobile=\u00bb\u00bb]<div id=\"sc_content_1329509417\"\n\t\tclass=\"sc_content color_style_default sc_content_default sc_float_center sc_padding_tiny\"><div class=\"sc_content_container\"><div id=\"sc_title_1313601675\"\n\t\tclass=\"sc_title color_style_default sc_title_default\"><h6 class=\"sc_item_subtitle sc_title_subtitle sc_align_left sc_item_title_style_default\">DISTRIBUIDOR AUTORIZADO KYOCERA EN M\u00c9XICO<\/h6><h3 class=\"sc_item_title sc_title_title sc_align_left sc_item_title_style_default\">Ideas y Soluciones<\/h3><div class=\"sc_item_descr sc_title_descr sc_align_left\"><p>En Ideas y Soluciones en Copiado, distribuidor autorizado Kyocera en M\u00e9xico, damos respuesta a tus necesidades de impresi\u00f3n. Te ofrecemos un servicio integral, que incluye los mejores productos del mercado y soluciones para la gesti\u00f3n documental. Todo lo que necesitas en impresi\u00f3n a tu alcance.<\/p>\n<\/div><\/div><!-- \/.sc_title --><\/div><\/div><!-- \/.sc_content -->[vc_single_image image=\u00bb5217&#8243; img_size=\u00bbmedium\u00bb alignment=\u00bbcenter\u00bb][\/vc_column][vc_column icons_position=\u00bbleft\u00bb offset=\u00bbvc_col-md-6&#8243;][vc_single_image image=\u00bb5423&#8243; img_size=\u00bbfull\u00bb][\/vc_column][\/vc_row][vc_row][vc_column icons_position=\u00bbleft\u00bb][vc_empty_space alter_height=\u00bbhuge\u00bb hide_on_desktop=\u00bb\u00bb hide_on_notebook=\u00bb\u00bb hide_on_tablet=\u00bb\u00bb hide_on_mobile=\u00bb\u00bb][vc_row_inner][vc_column_inner icons_position=\u00bbleft\u00bb offset=\u00bbvc_col-md-8&#8243;][vc_single_image image=\u00bb249&#8243; img_size=\u00bbfull\u00bb][\/vc_column_inner][vc_column_inner icons_position=\u00bbleft\u00bb offset=\u00bbvc_col-md-4&#8243;]<div id=\"sc_content_1361600391\"\n\t\tclass=\"sc_content color_style_default sc_content_default sc_content_width_2_3 sc_float_center sc_padding_large sc_shift_x_large_negative sc_shift_y_large  vc_custom_1507904583710\"><div class=\"sc_content_container\"><div id=\"sc_title_1113039649\"\n\t\tclass=\"sc_title color_style_default sc_title_default\"><h6 class=\"sc_item_subtitle sc_title_subtitle sc_align_left sc_item_title_style_default\">Bienvenido a Ideas y Soluciones<\/h6><h3 class=\"sc_item_title sc_title_title sc_align_left sc_item_title_style_default\">Nuestra Ubicaci\u00f3n<\/h3><div class=\"sc_item_descr sc_title_descr sc_align_left\"><p>Estamos ubicados en Calzada Francisco I. Madero 2527, Acero, 64580 Monterrey, N.L.<\/p>\n<\/div><\/div><!-- \/.sc_title -->[vc_empty_space alter_height=\u00bbsmall\u00bb hide_on_desktop=\u00bb\u00bb hide_on_notebook=\u00bb\u00bb hide_on_tablet=\u00bb\u00bb hide_on_mobile=\u00bb\u00bb]<a href=\"\/contacts\/\" id=\"sc_button_501628608\" class=\"sc_button hide_on_mobile color_style_default sc_button_simple sc_button_size_large sc_button_with_icon sc_button_icon_left\"><span class=\"sc_button_icon\"><span class=\"icon-untitled-6\"><\/span><\/span><span class=\"sc_button_text\"><span class=\"sc_button_title\">Cont\u00e1ctanos<\/span><\/span><!-- \/.sc_button_text --><\/a><!-- \/.sc_button --><\/div><\/div><!-- \/.sc_content -->[\/vc_column_inner][\/vc_row_inner][vc_empty_space alter_height=\u00bbhuge\u00bb hide_on_desktop=\u00bb\u00bb hide_on_notebook=\u00bb\u00bb hide_on_tablet=\u00bb\u00bb hide_on_mobile=\u00bb\u00bb][\/vc_column][\/vc_row][vc_row][vc_column icons_position=\u00bbleft\u00bb]<div id=\"sc_icons_1867775608\" \n\tclass=\"sc_icons sc_icons_default sc_icons_size_medium sc_align_center\"><h3 class=\"sc_item_title sc_icons_title sc_align_left sc_item_title_style_default\">Servicios Profesionales y Desarrollos a la Medida<\/h3><div class=\"sc_icons_columns_wrap sc_item_columns trx_addons_columns_wrap columns_padding_bottom\"><div class=\"trx_addons_column-1_4\"><div class=\"sc_icons_item\"><div class=\"sc_icons_image\"><img src=\"https:\/\/ideasysoluciones.com.mx\/wp-content\/uploads\/2024\/07\/hero_1536x960_connect-370x205.jpg\" alt=\"\" width=\"370\" height=\"205\"><\/div><h4 class=\"sc_icons_item_title\"><span>Mantenimiento Integral<\/span><\/h4><div class=\"sc_icons_item_description\"><span>Servicio T\u00e9cnico Oficial y especializado en la reparaci\u00f3n de impresoras y multifuncionales<\/span><\/div><\/div><\/div><div class=\"trx_addons_column-1_4\"><div class=\"sc_icons_item\"><div class=\"sc_icons_image\"><img src=\"https:\/\/ideasysoluciones.com.mx\/wp-content\/uploads\/2024\/07\/hero_1536x960_closeup-phone-370x205.jpg\" alt=\"\" width=\"370\" height=\"205\"><\/div><h4 class=\"sc_icons_item_title\"><span>Arrendamiento de Equipos<\/span><\/h4><div class=\"sc_icons_item_description\"><span>Aseguramos la calidad, productividad y eficiencia en su operaci\u00f3n mediante nuestros servicios de arrendamiento de equipos<\/span><\/div><\/div><\/div><div class=\"trx_addons_column-1_4\"><div class=\"sc_icons_item\"><div class=\"sc_icons_image\"><img src=\"https:\/\/ideasysoluciones.com.mx\/wp-content\/uploads\/2024\/07\/hero_1536x960_colleagues-desktop-370x205.jpg\" alt=\"\" width=\"370\" height=\"205\"><\/div><h4 class=\"sc_icons_item_title\"><span>Consultor\u00eda de Impresi\u00f3n<\/span><\/h4><div class=\"sc_icons_item_description\"><span>Conozca los costes reales de impresi\u00f3n de su negocio de forma gratuita.<\/span><\/div><\/div><\/div><div class=\"trx_addons_column-1_4\"><div class=\"sc_icons_item\"><div class=\"sc_icons_image\"><img src=\"https:\/\/ideasysoluciones.com.mx\/wp-content\/uploads\/2024\/07\/hero_1536x960_innovation-370x205.jpg\" alt=\"\" width=\"370\" height=\"205\"><\/div><h4 class=\"sc_icons_item_title\"><span>P\u00f3lizas de Servicio<\/span><\/h4><div class=\"sc_icons_item_description\"><span>Servicio T\u00e9cnico oficial y especializado en la reparaci\u00f3n de impresoras y multifuncionales.<\/span><\/div><\/div><\/div><\/div><\/div><!-- \/.sc_icons -->[\/vc_column][\/vc_row][vc_row][vc_column icons_position=\u00bbleft\u00bb][vc_empty_space alter_height=\u00bbhuge\u00bb hide_on_desktop=\u00bb\u00bb hide_on_notebook=\u00bb\u00bb hide_on_tablet=\u00bb\u00bb hide_on_mobile=\u00bb\u00bb]<div id=\"sc_title_1445275132\"\n\t\tclass=\"sc_title color_style_default sc_title_default\"><h3 class=\"sc_item_title sc_title_title sc_align_center sc_item_title_style_default\">Productos Destacados<\/h3><div class=\"sc_item_descr sc_title_descr sc_align_center\"><p>A continuaci\u00f3n encuentra nuestros productos mas populares y novedosos del mercado.<\/p>\n<\/div><\/div><!-- \/.sc_title -->[vc_empty_space alter_height=\u00bbmedium\u00bb hide_on_desktop=\u00bb\u00bb hide_on_notebook=\u00bb\u00bb hide_on_tablet=\u00bb\u00bb hide_on_mobile=\u00bb\u00bb css=\u00bb.vc_custom_1508244747632{margin-top: -1.85rem !important;}\u00bb]<div class=\"woocommerce columns-4 \"><ul class=\"products columns-4\">\n<li class=\"product type-product post-5184 status-publish first instock product_cat-laser has-post-thumbnail featured shipping-taxable purchasable product-type-simple\">\n\t\t\t<div class=\"post_item post_layout_list\">\n\t\t\t<div class=\"post_featured hover_shop\">\n\t\t\t\t\t\t\t\t<a href=\"https:\/\/ideasysoluciones.com.mx\/index.php\/\/product\/tk-6727\/\">\n\t\t\t\t<\/a><div class=\"mask\"><\/div>\t\t\t<div class=\"icons\">\n\t\t\t\t<a rel=\"nofollow\" href=\"?add-to-cart=5184\" \n\t\t\t\t\t\t\t\t\t\t\t\t\t\taria-hidden=\"true\" \n\t\t\t\t\t\t\t\t\t\t\t\t\t\tdata-quantity=\"1\" \n\t\t\t\t\t\t\t\t\t\t\t\t\t\tdata-product_id=\"5184\"\n\t\t\t\t\t\t\t\t\t\t\t\t\t\tdata-product_sku=\"\"\n\t\t\t\t\t\t\t\t\t\t\t\t\t\tclass=\"shop_cart icon-cart-2 button add_to_cart_button product_type_simple ajax_add_to_cart\"><\/a>\t\t\t<\/div>\n\t\t\t\t\t\t<\/div><!-- \/.post_featured -->\n\t\t\t<div class=\"post_data\">\n\t\t\t\t<div class=\"post_data_inner\">\n\t\t\t\t\t<div class=\"post_header entry-header\">\n\t\t\t\t\t            <\/div><span class=\"price true-price\"><\/span><!-- \/.post_header -->\n\t\t\t\t\t\t<\/div><!-- \/.post_data_inner -->\n\t\t\t<\/div><!-- \/.post_data -->\n\t\t<\/div><!-- \/.post_item -->\n\t\t<\/li>\n<\/ul>\n<\/div><div class=\"sc_item_button sc_button_wrap sc_align_center\"><a href=\"\/shop\/\" id=\"sc_button_2020338902\" class=\"sc_button color_style_link3 sc_button_default sc_button_size_large sc_button_icon_left\"><span class=\"sc_button_text\"><span class=\"sc_button_title\">Ver mas...<\/span><\/span><!-- \/.sc_button_text --><\/a><!-- \/.sc_button --><\/div><!-- \/.sc_item_button -->[vc_empty_space alter_height=\u00bbhuge\u00bb hide_on_desktop=\u00bb\u00bb hide_on_notebook=\u00bb\u00bb hide_on_tablet=\u00bb\u00bb hide_on_mobile=\u00bb\u00bb][\/vc_column][\/vc_row][vc_row][vc_column width=\u00bb1\/2&#8243; icons_position=\u00bbleft\u00bb]<div id=\"sc_content_1395262440\"\n\t\tclass=\"sc_content color_style_default sc_content_default sc_float_center sc_padding_medium  vc_custom_1507799665085\"><div class=\"sc_content_container\"><div id=\"sc_title_2008047895\"\n\t\tclass=\"sc_title color_style_default sc_title_default\"><h3 class=\"sc_item_title sc_title_title sc_align_left sc_item_title_style_default sc_item_title_tag\">Cont\u00e1ctanos<\/h3><\/div><!-- \/.sc_title -->[vc_empty_space alter_height=\u00bbsmall\u00bb hide_on_desktop=\u00bb\u00bb hide_on_notebook=\u00bb\u00bb hide_on_tablet=\u00bb\u00bb hide_on_mobile=\u00bb\u00bb css=\u00bb.vc_custom_1507799731191{margin-bottom: 0.8rem !important;}\u00bb]\n<div class=\"wpcf7 no-js\" id=\"wpcf7-f2935-o1\" lang=\"en-US\" dir=\"ltr\">\n<div class=\"screen-reader-response\"><p role=\"status\" aria-live=\"polite\" aria-atomic=\"true\"><\/p> <ul><\/ul><\/div>\n<form action=\"\/index.php\/wp-json\/wp\/v2\/pages\/2#wpcf7-f2935-o1\" method=\"post\" class=\"wpcf7-form init\" aria-label=\"Contact form\" novalidate=\"novalidate\" data-status=\"init\">\n<div style=\"display: none;\">\n<input type=\"hidden\" name=\"_wpcf7\" value=\"2935\" \/>\n<input type=\"hidden\" name=\"_wpcf7_version\" value=\"5.8.1\" \/>\n<input type=\"hidden\" name=\"_wpcf7_locale\" value=\"en_US\" \/>\n<input type=\"hidden\" name=\"_wpcf7_unit_tag\" value=\"wpcf7-f2935-o1\" \/>\n<input type=\"hidden\" name=\"_wpcf7_container_post\" value=\"0\" \/>\n<input type=\"hidden\" name=\"_wpcf7_posted_data_hash\" value=\"\" \/>\n<\/div>\n<div class=\"flex\">\n<div class='itm row' ><span class=\"wpcf7-form-control-wrap\" data-name=\"your-name\"><input size=\"40\" class=\"wpcf7-form-control wpcf7-text wpcf7-validates-as-required\" aria-required=\"true\" aria-invalid=\"false\" placeholder=\"Nombre Completo*\" value=\"\" type=\"text\" name=\"your-name\" \/><\/span><\/div> \n<div class='itm row'><span class=\"wpcf7-form-control-wrap\" data-name=\"your-email\"><input size=\"40\" class=\"wpcf7-form-control wpcf7-email wpcf7-validates-as-required wpcf7-text wpcf7-validates-as-email\" aria-required=\"true\" aria-invalid=\"false\" placeholder=\"Correo Electr\u00f3nico*\" value=\"\" type=\"email\" name=\"your-email\" \/><\/span><\/div><\/div>\n<div class='itm row'><span class=\"wpcf7-form-control-wrap\" data-name=\"your-phone\"><input size=\"40\" class=\"wpcf7-form-control wpcf7-text\" aria-invalid=\"false\" placeholder=\"Tel\u00e9fono\" value=\"\" type=\"text\" name=\"your-phone\" \/><\/span><\/div> \n<div class='itm row' ><span class=\"wpcf7-form-control-wrap\" data-name=\"your-company\"><input size=\"40\" class=\"wpcf7-form-control wpcf7-text\" aria-invalid=\"false\" placeholder=\"Empresa\" value=\"\" type=\"text\" name=\"your-company\" \/><\/span><\/div> \n<div class=''><span class=\"wpcf7-form-control-wrap\" data-name=\"your-message\"><textarea cols=\"40\" rows=\"10\" class=\"wpcf7-form-control wpcf7-textarea wpcf7-validates-as-required\" aria-required=\"true\" aria-invalid=\"false\" placeholder=\"Mensaje*\" name=\"your-message\"><\/textarea><\/span><\/div>\n<span class=\"wpcf7-form-control-wrap\" data-name=\"acceptance-157\"><span class=\"wpcf7-form-control wpcf7-acceptance\"><span class=\"wpcf7-list-item\"><label><input type=\"checkbox\" name=\"acceptance-157\" value=\"1\" aria-invalid=\"false\" \/><span class=\"wpcf7-list-item-label\">Acepto que la informaci\u00f3n sera recolectada y guardada.<\/span><\/label><\/span><\/span><\/span>\n<div class=\"sc_form_field sc_form_field_button sc_form_field_submit\">\n<input class=\"wpcf7-form-control wpcf7-submit has-spinner\" type=\"submit\" value=\"Enviar\" \/><\/div><p style=\"display: none !important;\"><label>&#916;<textarea name=\"_wpcf7_ak_hp_textarea\" cols=\"45\" rows=\"8\" maxlength=\"100\"><\/textarea><\/label><input type=\"hidden\" id=\"ak_js_1\" name=\"_wpcf7_ak_js\" value=\"187\"\/><script>document.getElementById( \"ak_js_1\" ).setAttribute( \"value\", ( new Date() ).getTime() );<\/script><\/p><div class=\"wpcf7-response-output\" aria-hidden=\"true\"><\/div>\n<\/form>\n<\/div>\n<\/div><\/div><!-- \/.sc_content -->[\/vc_column][vc_column width=\u00bb1\/2&#8243; icons_position=\u00bbleft\u00bb]<div id=\"sc_content_542065099\"\n\t\tclass=\"sc_content color_style_default sc_content_bordered sc_float_center sc_padding_medium  vc_custom_1507799975716\"><div class=\"sc_content_container\">[vc_column_text]<\/p>\n<h3>Informaci\u00f3n de Contacto<\/h3>\n<p><span class=\"trx_addons_label_text\">Tel\u00e9fono: <\/span><a href=\"tel:+528181340606\">818 134 0606<\/a><br \/>\n<span class=\"trx_addons_label_text\">Email: <\/span><a href=\"mailto:ventasmty@ideaprint.com.mx\">ventasmty@ideaprint.com.mx<\/a><br \/>\n<span class=\"trx_addons_label_text\">Direcci\u00f3n: <\/span>Calz. Francisco I. Madero 2527, Acero, 64580 Monterrey, N.L.[\/vc_column_text]<\/div><\/div><!-- \/.sc_content -->[\/vc_column][\/vc_row][vc_row][vc_column icons_position=\u00bbleft\u00bb]<div id=\"sc_googlemap_484322992_wrap\" class=\"sc_googlemap_wrap\"><div id=\"sc_googlemap_484322992\"\n\t\t\tclass=\"sc_googlemap sc_googlemap_default\"\n\t\t\t style=\"width:100%;height:373px;\"\t\t\tdata-zoom=\"14\"\n\t\t\tdata-style=\"dark\"\n\t\t\tdata-cluster-icon=\"\"\n        ><iframe\n                    src=\"https:\/\/maps.google.com\/maps?t=m&output=embed&iwloc=near&z=14&q=Calz.+Francisco+I.+Madero+2527%2C+Acero%2C+64580+Monterrey%2C+N.L.@25.682235,-100.288513\"\n                    scrolling=\"no\"\n                    marginheight=\"0\"\n                    marginwidth=\"0\"\n                    frameborder=\"0\"\n                    aria-label=\"One\"><\/iframe><\/div><\/div><!-- \/.sc_googlemap_wrap -->[\/vc_column][\/vc_row][vc_row full_width=\u00bbstretch_row\u00bb scheme=\u00bbdark\u00bb extra_bg_mask=\u00bb6&#8243; hide_bg_image_on_tablet=\u00bb\u00bb hide_bg_image_on_mobile=\u00bb\u00bb css=\u00bb.vc_custom_1720641597492{background: rgba(10,10,10,0.8) url(http:\/\/ideasysoluciones.com.mx\/wp-content\/uploads\/2024\/07\/Fist-Orange-Banner.jpeg?id=5280) !important;background-position: center !important;background-repeat: no-repeat !important;background-size: cover !important;*background-color: rgb(10,10,10) !important;}\u00bb][vc_column icons_position=\u00bbleft\u00bb offset=\u00bbvc_col-md-6&#8243;][vc_empty_space alter_height=\u00bbmedium\u00bb hide_on_desktop=\u00bb\u00bb hide_on_notebook=\u00bb\u00bb hide_on_tablet=\u00bb\u00bb hide_on_mobile=\u00bb\u00bb]<div id=\"sc_title_1723897024\"\n\t\tclass=\"sc_title color_style_default sc_title_default\"><h6 class=\"sc_item_subtitle sc_title_subtitle sc_align_left sc_item_title_style_default\">Si deseas mas informaci\u00f3n<\/h6><h2 class=\"sc_item_title sc_title_title sc_align_left sc_item_title_style_default sc_item_title_tag\">Cont\u00e1ctanos<\/h2><\/div><!-- \/.sc_title -->[vc_empty_space hide_on_desktop=\u00bb\u00bb hide_on_notebook=\u00bb\u00bb hide_on_tablet=\u00bb\u00bb hide_on_mobile=\u00bb\u00bb]<a href=\"https:\/\/ideasysoluciones.com.mx\/index.php\/contacts\/\" id=\"sc_button_1952109361\" class=\"sc_button color_style_default sc_button_default sc_button_size_normal sc_button_icon_left\"><span class=\"sc_button_text\"><span class=\"sc_button_title\">Contactar<\/span><\/span><!-- \/.sc_button_text --><\/a><!-- \/.sc_button -->[vc_empty_space alter_height=\u00bbmedium\u00bb hide_on_desktop=\u00bb\u00bb hide_on_notebook=\u00bb\u00bb hide_on_tablet=\u00bb\u00bb hide_on_mobile=\u00bb\u00bb css=\u00bb.vc_custom_1507883267798{margin-bottom: 0.8rem !important;}\u00bb][\/vc_column][\/vc_row]<\/p>\n<\/section>","protected":false},"excerpt":{"rendered":"<p>[vc_row][vc_column icons_position=\u00bbleft\u00bb][rev_slider_vc alias=\u00bbslider-2&#8243;][\/vc_column][\/vc_row][vc_row equal_height=\u00bbyes\u00bb content_placement=\u00bbmiddle\u00bb hide_bg_image_on_tablet=\u00bb\u00bb hide_bg_image_on_mobile=\u00bb\u00bb][vc_column icons_position=\u00bbleft\u00bb offset=\u00bbvc_col-md-6&#8243;][vc_empty_space alter_height=\u00bblarge\u00bb hide_on_desktop=\u00bb1&#8243; hide_on_notebook=\u00bb1&#8243; hide_on_tablet=\u00bb\u00bb hide_on_mobile=\u00bb\u00bb][vc_single_image image=\u00bb5217&#8243; img_size=\u00bbmedium\u00bb alignment=\u00bbcenter\u00bb][\/vc_column][vc_column icons_position=\u00bbleft\u00bb offset=\u00bbvc_col-md-6&#8243;][vc_single_image image=\u00bb5423&#8243; img_size=\u00bbfull\u00bb][\/vc_column][\/vc_row][vc_row][vc_column icons_position=\u00bbleft\u00bb][vc_empty_space alter_height=\u00bbhuge\u00bb hide_on_desktop=\u00bb\u00bb hide_on_notebook=\u00bb\u00bb hide_on_tablet=\u00bb\u00bb hide_on_mobile=\u00bb\u00bb][vc_row_inner][vc_column_inner icons_position=\u00bbleft\u00bb offset=\u00bbvc_col-md-8&#8243;][vc_single_image image=\u00bb249&#8243; img_size=\u00bbfull\u00bb][\/vc_column_inner][vc_column_inner icons_position=\u00bbleft\u00bb offset=\u00bbvc_col-md-4&#8243;][\/vc_column_inner][\/vc_row_inner][vc_empty_space alter_height=\u00bbhuge\u00bb hide_on_desktop=\u00bb\u00bb hide_on_notebook=\u00bb\u00bb hide_on_tablet=\u00bb\u00bb hide_on_mobile=\u00bb\u00bb][\/vc_column][\/vc_row][vc_row][vc_column icons_position=\u00bbleft\u00bb][\/vc_column][\/vc_row][vc_row][vc_column icons_position=\u00bbleft\u00bb][vc_empty_space alter_height=\u00bbhuge\u00bb hide_on_desktop=\u00bb\u00bb hide_on_notebook=\u00bb\u00bb hide_on_tablet=\u00bb\u00bb hide_on_mobile=\u00bb\u00bb][vc_empty_space alter_height=\u00bbmedium\u00bb hide_on_desktop=\u00bb\u00bb hide_on_notebook=\u00bb\u00bb hide_on_tablet=\u00bb\u00bb hide_on_mobile=\u00bb\u00bb css=\u00bb.vc_custom_1508244747632{margin-top: -1.85rem !important;}\u00bb][vc_empty_space alter_height=\u00bbhuge\u00bb hide_on_desktop=\u00bb\u00bb hide_on_notebook=\u00bb\u00bb hide_on_tablet=\u00bb\u00bb hide_on_mobile=\u00bb\u00bb][\/vc_column][\/vc_row][vc_row][vc_column width=\u00bb1\/2&#8243; icons_position=\u00bbleft\u00bb][\/vc_column][vc_column&hellip;<\/p>\n","protected":false},"author":1,"featured_media":0,"parent":0,"menu_order":0,"comment_status":"closed","ping_status":"closed","template":"","meta":{"footnotes":""},"_links":{"self":[{"href":"https:\/\/ideasysoluciones.com.mx\/index.php\/wp-json\/wp\/v2\/pages\/2"}],"collection":[{"href":"https:\/\/ideasysoluciones.com.mx\/index.php\/wp-json\/wp\/v2\/pages"}],"about":[{"href":"https:\/\/ideasysoluciones.com.mx\/index.php\/wp-json\/wp\/v2\/types\/page"}],"author":[{"embeddable":true,"href":"https:\/\/ideasysoluciones.com.mx\/index.php\/wp-json\/wp\/v2\/users\/1"}],"replies":[{"embeddable":true,"href":"https:\/\/ideasysoluciones.com.mx\/index.php\/wp-json\/wp\/v2\/comments?post=2"}],"version-history":[{"count":18,"href":"https:\/\/ideasysoluciones.com.mx\/index.php\/wp-json\/wp\/v2\/pages\/2\/revisions"}],"predecessor-version":[{"id":5459,"href":"https:\/\/ideasysoluciones.com.mx\/index.php\/wp-json\/wp\/v2\/pages\/2\/revisions\/5459"}],"wp:attachment":[{"href":"https:\/\/ideasysoluciones.com.mx\/index.php\/wp-json\/wp\/v2\/media?parent=2"}],"curies":[{"name":"wp","href":"https:\/\/api.w.org\/{rel}","templated":true}]}}