{"id":65,"date":"2017-06-20T11:43:39","date_gmt":"2017-06-20T11:43:39","guid":{"rendered":"https:\/\/ideasysoluciones.com.mx\/?page_id=65"},"modified":"2024-08-21T01:20:41","modified_gmt":"2024-08-20T23:20:41","slug":"about-1","status":"publish","type":"page","link":"http:\/\/ideasysoluciones.com.mx\/index.php\/about-1\/","title":{"rendered":"Nosotros"},"content":{"rendered":"<section class=\"wpb-content-wrapper\"><p>[vc_row equal_height=\u00bbyes\u00bb content_placement=\u00bbmiddle\u00bb hide_bg_image_on_tablet=\u00bb\u00bb hide_bg_image_on_mobile=\u00bb\u00bb][vc_column icons_position=\u00bbleft\u00bb offset=\u00bbvc_col-md-6&#8243;][vc_empty_space alter_height=\u00bblarge\u00bb hide_on_desktop=\u00bb1&#8243; hide_on_notebook=\u00bb1&#8243; hide_on_tablet=\u00bb\u00bb hide_on_mobile=\u00bb\u00bb]<div id=\"sc_content_1324778085\"\n\t\tclass=\"sc_content color_style_default sc_content_default sc_float_center sc_padding_tiny\"><div class=\"sc_content_container\"><div id=\"sc_title_1453145096\"\n\t\tclass=\"sc_title color_style_default sc_title_default\"><h6 class=\"sc_item_subtitle sc_title_subtitle sc_align_left sc_item_title_style_default\">DISTRIBUIDOR AUTORIZADO KYOCERA EN M\u00c9XICO<\/h6><h3 class=\"sc_item_title sc_title_title sc_align_left sc_item_title_style_default\">Ideas y Soluciones<\/h3><div class=\"sc_item_descr sc_title_descr sc_align_left\"><p>En Ideas y Soluciones en Copiado, distribuidor autorizado Kyocera en M\u00e9xico, damos respuesta a tus necesidades de impresi\u00f3n. Te ofrecemos un servicio integral, que incluye los mejores productos del mercado y soluciones para la gesti\u00f3n documental. Todo lo que necesitas en impresi\u00f3n a tu alcance.<\/p>\n<\/div><\/div><!-- \/.sc_title --><\/div><\/div><!-- \/.sc_content -->[vc_single_image image=\u00bb5217&#8243; img_size=\u00bbmedium\u00bb alignment=\u00bbcenter\u00bb][\/vc_column][vc_column icons_position=\u00bbleft\u00bb offset=\u00bbvc_col-md-6&#8243;][vc_single_image image=\u00bb5423&#8243; img_size=\u00bbfull\u00bb][\/vc_column][\/vc_row][vc_row equal_height=\u00bbyes\u00bb content_placement=\u00bbmiddle\u00bb hide_bg_image_on_tablet=\u00bb\u00bb hide_bg_image_on_mobile=\u00bb\u00bb][vc_column icons_position=\u00bbleft\u00bb offset=\u00bbvc_col-md-6&#8243;][vc_single_image image=\u00bb5282&#8243; img_size=\u00bbfull\u00bb][\/vc_column][vc_column icons_position=\u00bbleft\u00bb offset=\u00bbvc_col-md-6&#8243;][vc_empty_space alter_height=\u00bblarge\u00bb hide_on_desktop=\u00bb1&#8243; hide_on_notebook=\u00bb1&#8243; hide_on_tablet=\u00bb\u00bb hide_on_mobile=\u00bb\u00bb]<div id=\"sc_content_1192277226\"\n\t\tclass=\"sc_content color_style_default sc_content_default sc_float_center sc_padding_tiny\"><div class=\"sc_content_container\"><div id=\"sc_title_553573657\"\n\t\tclass=\"sc_title color_style_default sc_title_default\"><h6 class=\"sc_item_subtitle sc_title_subtitle sc_align_left sc_item_title_style_default\">Con\u00f3cenos<\/h6><h3 class=\"sc_item_title sc_title_title sc_align_left sc_item_title_style_default\">Ideas y Soluciones<\/h3><div class=\"sc_item_descr sc_title_descr sc_align_left\"><p>Ideas y Soluciones en Copiado fue fundado en 2005 por un equipo de profesionales con amplia experiencia en el mercado de la copia e impresi\u00f3n, que compart\u00edan un mismo sue\u00f1o, el de crear una empresa de servicio de mantenimiento integral de equipos de impresi\u00f3n.<br \/>\nM\u00e1s de 20 a\u00f1os de experiencia nos avalan como un servicio profesional en la distribuci\u00f3n y asistencia t\u00e9cnica especializada.<\/p>\n<p>Como distribuidor exclusivo KYOCERA compartimos los principios y filosof\u00eda de KYOCERA, l\u00edder tecnol\u00f3gico con un claro compromiso en la creaci\u00f3n de productos de alta calidad y una decidida apuesta por la innovaci\u00f3n tecnol\u00f3gica.<\/p>\n<p>Entre nuestros objetivos, ofrecer una excelente atenci\u00f3n al cliente y un servicio integral de alto valor a\u00f1adido.<\/p>\n<\/div><\/div><!-- \/.sc_title --><\/div><\/div><!-- \/.sc_content -->[\/vc_column][\/vc_row][vc_row full_width=\u00bbstretch_row\u00bb scheme=\u00bbdark\u00bb extra_bg_mask=\u00bb6&#8243; hide_bg_image_on_tablet=\u00bb\u00bb hide_bg_image_on_mobile=\u00bb\u00bb css=\u00bb.vc_custom_1720641597492{background: rgba(10,10,10,0.8) url(http:\/\/ideasysoluciones.com.mx\/wp-content\/uploads\/2024\/07\/Fist-Orange-Banner.jpeg?id=5280) !important;background-position: center !important;background-repeat: no-repeat !important;background-size: cover !important;*background-color: rgb(10,10,10) !important;}\u00bb][vc_column icons_position=\u00bbleft\u00bb offset=\u00bbvc_col-md-6&#8243;][vc_empty_space alter_height=\u00bbmedium\u00bb hide_on_desktop=\u00bb\u00bb hide_on_notebook=\u00bb\u00bb hide_on_tablet=\u00bb\u00bb hide_on_mobile=\u00bb\u00bb]<div id=\"sc_title_1531251867\"\n\t\tclass=\"sc_title color_style_default sc_title_default\"><h6 class=\"sc_item_subtitle sc_title_subtitle sc_align_left sc_item_title_style_default\">Si deseas mas informaci\u00f3n<\/h6><h2 class=\"sc_item_title sc_title_title sc_align_left sc_item_title_style_default sc_item_title_tag\">Cont\u00e1ctanos<\/h2><\/div><!-- \/.sc_title -->[vc_empty_space hide_on_desktop=\u00bb\u00bb hide_on_notebook=\u00bb\u00bb hide_on_tablet=\u00bb\u00bb hide_on_mobile=\u00bb\u00bb]<a href=\"https:\/\/ideasysoluciones.com.mx\/index.php\/contacts\/\" id=\"sc_button_116463117\" class=\"sc_button color_style_default sc_button_default sc_button_size_normal sc_button_icon_left\"><span class=\"sc_button_text\"><span class=\"sc_button_title\">Contactar<\/span><\/span><!-- \/.sc_button_text --><\/a><!-- \/.sc_button -->[vc_empty_space alter_height=\u00bbmedium\u00bb hide_on_desktop=\u00bb\u00bb hide_on_notebook=\u00bb\u00bb hide_on_tablet=\u00bb\u00bb hide_on_mobile=\u00bb\u00bb css=\u00bb.vc_custom_1507883267798{margin-bottom: 0.8rem !important;}\u00bb][\/vc_column][\/vc_row][vc_row equal_height=\u00bbyes\u00bb content_placement=\u00bbmiddle\u00bb hide_bg_image_on_tablet=\u00bb\u00bb hide_bg_image_on_mobile=\u00bb\u00bb][vc_column icons_position=\u00bbleft\u00bb offset=\u00bbvc_col-md-6&#8243;][vc_empty_space alter_height=\u00bblarge\u00bb hide_on_desktop=\u00bb1&#8243; hide_on_notebook=\u00bb1&#8243; hide_on_tablet=\u00bb\u00bb hide_on_mobile=\u00bb\u00bb]<div id=\"sc_content_1671775454\"\n\t\tclass=\"sc_content color_style_default sc_content_default sc_float_center sc_padding_tiny\"><div class=\"sc_content_container\"><div id=\"sc_title_1852796011\"\n\t\tclass=\"sc_title color_style_default sc_title_default\"><h6 class=\"sc_item_subtitle sc_title_subtitle sc_align_left sc_item_title_style_default\">Ideas y Soluciones en Copiado<\/h6><h3 class=\"sc_item_title sc_title_title sc_align_left sc_item_title_style_default\">Brinda Servicio de Asistencia T\u00e9cnica oficial a nivel Nacional.<\/h3><div class=\"sc_item_descr sc_title_descr sc_align_left\"><p>Disponemos de una amplia gama de herramientas con la \u00faltima tecnolog\u00eda y un equipo de t\u00e9cnicos altamente cualificado, con la certificaci\u00f3n de nuestra marca, para realizar la reparaci\u00f3n y mantenimiento preventivo y correctivo de sus equipos de impresi\u00f3n en el menor tiempo posible y con la mayor calidad garantizada.<br \/>\nSomos el servicio t\u00e9cnico de KYOCERA de referencia en el norte del pa\u00eds gestionando el mantenimiento de un importante parque equipos de impresi\u00f3n tanto de cliente propio como cliente de gran cuenta KYOCERA que incluyen sector p\u00fablico y privado, pymes y grandes empresas.<\/p>\n<\/div><\/div><!-- \/.sc_title --><\/div><\/div><!-- \/.sc_content -->[\/vc_column][vc_column icons_position=\u00bbleft\u00bb offset=\u00bbvc_col-md-6&#8243;][vc_single_image image=\u00bb5283&#8243; img_size=\u00bbfull\u00bb][\/vc_column][\/vc_row][vc_row equal_height=\u00bbyes\u00bb content_placement=\u00bbmiddle\u00bb hide_bg_image_on_tablet=\u00bb\u00bb hide_bg_image_on_mobile=\u00bb\u00bb][vc_column icons_position=\u00bbleft\u00bb offset=\u00bbvc_col-md-6&#8243;][vc_single_image image=\u00bb5286&#8243; img_size=\u00bbfull\u00bb][\/vc_column][vc_column icons_position=\u00bbleft\u00bb offset=\u00bbvc_col-md-6&#8243;][vc_empty_space alter_height=\u00bblarge\u00bb hide_on_desktop=\u00bb1&#8243; hide_on_notebook=\u00bb1&#8243; hide_on_tablet=\u00bb\u00bb hide_on_mobile=\u00bb\u00bb]<div id=\"sc_content_389975752\"\n\t\tclass=\"sc_content color_style_default sc_content_default sc_float_center sc_padding_tiny\"><div class=\"sc_content_container\"><div id=\"sc_title_339581803\"\n\t\tclass=\"sc_title color_style_default sc_title_default\"><h6 class=\"sc_item_subtitle sc_title_subtitle sc_align_left sc_item_title_style_default\">Ideas y Soluciones en Copiado<\/h6><h3 class=\"sc_item_title sc_title_title sc_align_left sc_item_title_style_default\">Brinda Soluciones Documentales<\/h3><div class=\"sc_item_descr sc_title_descr sc_align_left\"><p>En Ideas y Soluciones en Copiado optimizamos la gesti\u00f3n documental de sus procesos y los costes.<\/p>\n<p>Como distribuidores autorizados disponemos de un amplio portfolio de servicios y soluciones documentales a su medida. Optimizamos la gesti\u00f3n documental en sus procesos de negocio, mejoramos la seguridad y el control de costes de impresi\u00f3n, facilitamos la gesti\u00f3n integral de sus dispositivos de impresi\u00f3n, automatizamos la captura y distribuci\u00f3n de sus documentos y proveemos soluciones de movilidad y cloud.<\/p>\n<p>Ofrecemos opciones de financiaci\u00f3n personalizadas, renting de impresoras, equipos multifunci\u00f3n y soluciones documentales, pago por copia, pago por uso todo incluido.<br \/>\nSomos el servicio t\u00e9cnico de KYOCERA de referencia en el norte del pa\u00eds gestionando el mantenimiento de un importante parque equipos de impresi\u00f3n tanto de cliente propio como cliente de gran cuenta KYOCERA que incluyen sector p\u00fablico y privado, pymes y grandes empresas.<\/p>\n<\/div><\/div><!-- \/.sc_title --><\/div><\/div><!-- \/.sc_content -->[\/vc_column][\/vc_row][vc_row full_width=\u00bbstretch_row\u00bb scheme=\u00bbdark\u00bb extra_bg_mask=\u00bb6&#8243; hide_bg_image_on_tablet=\u00bb\u00bb hide_bg_image_on_mobile=\u00bb\u00bb css=\u00bb.vc_custom_1720641597492{background: rgba(10,10,10,0.8) url(http:\/\/ideasysoluciones.com.mx\/wp-content\/uploads\/2024\/07\/Fist-Orange-Banner.jpeg?id=5280) !important;background-position: center !important;background-repeat: no-repeat !important;background-size: cover !important;*background-color: rgb(10,10,10) !important;}\u00bb][vc_column fix_column=\u00bb\u00bb hide_bg_image_on_tablet=\u00bb\u00bb hide_bg_image_on_mobile=\u00bb\u00bb icons_position=\u00bbleft\u00bb offset=\u00bbvc_col-md-8&#8243;][vc_empty_space alter_height=\u00bbmedium\u00bb hide_on_desktop=\u00bb\u00bb hide_on_notebook=\u00bb\u00bb hide_on_tablet=\u00bb\u00bb hide_on_mobile=\u00bb\u00bb]<div id=\"sc_title_117504777\"\n\t\tclass=\"sc_title color_style_default sc_title_default\"><h6 class=\"sc_item_subtitle sc_title_subtitle sc_align_left sc_item_title_style_default\">Si deseas mas informaci\u00f3n<\/h6><h2 class=\"sc_item_title sc_title_title sc_align_left sc_item_title_style_default sc_item_title_tag\">Tenemos la mejor soluci\u00f3n para tu negocio, cont\u00e1ctanos!<\/h2><\/div><!-- \/.sc_title -->[vc_empty_space hide_on_desktop=\u00bb\u00bb hide_on_notebook=\u00bb\u00bb hide_on_tablet=\u00bb\u00bb hide_on_mobile=\u00bb\u00bb]<a href=\"https:\/\/ideasysoluciones.com.mx\/index.php\/contacts\/\" id=\"sc_button_391125837\" class=\"sc_button color_style_default sc_button_default sc_button_size_normal sc_button_icon_left\"><span class=\"sc_button_text\"><span class=\"sc_button_title\">Contactar<\/span><\/span><!-- \/.sc_button_text --><\/a><!-- \/.sc_button -->[vc_empty_space alter_height=\u00bbmedium\u00bb hide_on_desktop=\u00bb\u00bb hide_on_notebook=\u00bb\u00bb hide_on_tablet=\u00bb\u00bb hide_on_mobile=\u00bb\u00bb css=\u00bb.vc_custom_1507883267798{margin-bottom: 0.8rem !important;}\u00bb][\/vc_column][\/vc_row]<\/p>\n<\/section>","protected":false},"excerpt":{"rendered":"<p>[vc_row equal_height=\u00bbyes\u00bb content_placement=\u00bbmiddle\u00bb hide_bg_image_on_tablet=\u00bb\u00bb hide_bg_image_on_mobile=\u00bb\u00bb][vc_column icons_position=\u00bbleft\u00bb offset=\u00bbvc_col-md-6&#8243;][vc_empty_space alter_height=\u00bblarge\u00bb hide_on_desktop=\u00bb1&#8243; hide_on_notebook=\u00bb1&#8243; hide_on_tablet=\u00bb\u00bb hide_on_mobile=\u00bb\u00bb][vc_single_image image=\u00bb5217&#8243; img_size=\u00bbmedium\u00bb alignment=\u00bbcenter\u00bb][\/vc_column][vc_column icons_position=\u00bbleft\u00bb offset=\u00bbvc_col-md-6&#8243;][vc_single_image image=\u00bb5423&#8243; img_size=\u00bbfull\u00bb][\/vc_column][\/vc_row][vc_row equal_height=\u00bbyes\u00bb content_placement=\u00bbmiddle\u00bb hide_bg_image_on_tablet=\u00bb\u00bb hide_bg_image_on_mobile=\u00bb\u00bb][vc_column icons_position=\u00bbleft\u00bb offset=\u00bbvc_col-md-6&#8243;][vc_single_image image=\u00bb5282&#8243; img_size=\u00bbfull\u00bb][\/vc_column][vc_column icons_position=\u00bbleft\u00bb offset=\u00bbvc_col-md-6&#8243;][vc_empty_space alter_height=\u00bblarge\u00bb hide_on_desktop=\u00bb1&#8243; hide_on_notebook=\u00bb1&#8243; hide_on_tablet=\u00bb\u00bb hide_on_mobile=\u00bb\u00bb][\/vc_column][\/vc_row][vc_row full_width=\u00bbstretch_row\u00bb scheme=\u00bbdark\u00bb extra_bg_mask=\u00bb6&#8243; hide_bg_image_on_tablet=\u00bb\u00bb hide_bg_image_on_mobile=\u00bb\u00bb css=\u00bb.vc_custom_1720641597492{background: rgba(10,10,10,0.8) url(http:\/\/ideasysoluciones.com.mx\/wp-content\/uploads\/2024\/07\/Fist-Orange-Banner.jpeg?id=5280) !important;background-position: center !important;background-repeat: no-repeat !important;background-size: cover !important;*background-color: rgb(10,10,10) !important;}\u00bb][vc_column icons_position=\u00bbleft\u00bb offset=\u00bbvc_col-md-6&#8243;][vc_empty_space alter_height=\u00bbmedium\u00bb hide_on_desktop=\u00bb\u00bb hide_on_notebook=\u00bb\u00bb hide_on_tablet=\u00bb\u00bb hide_on_mobile=\u00bb\u00bb][vc_empty_space hide_on_desktop=\u00bb\u00bb hide_on_notebook=\u00bb\u00bb&hellip;<\/p>\n","protected":false},"author":1,"featured_media":0,"parent":0,"menu_order":0,"comment_status":"closed","ping_status":"closed","template":"","meta":{"footnotes":""},"_links":{"self":[{"href":"http:\/\/ideasysoluciones.com.mx\/index.php\/wp-json\/wp\/v2\/pages\/65"}],"collection":[{"href":"http:\/\/ideasysoluciones.com.mx\/index.php\/wp-json\/wp\/v2\/pages"}],"about":[{"href":"http:\/\/ideasysoluciones.com.mx\/index.php\/wp-json\/wp\/v2\/types\/page"}],"author":[{"embeddable":true,"href":"http:\/\/ideasysoluciones.com.mx\/index.php\/wp-json\/wp\/v2\/users\/1"}],"replies":[{"embeddable":true,"href":"http:\/\/ideasysoluciones.com.mx\/index.php\/wp-json\/wp\/v2\/comments?post=65"}],"version-history":[{"count":9,"href":"http:\/\/ideasysoluciones.com.mx\/index.php\/wp-json\/wp\/v2\/pages\/65\/revisions"}],"predecessor-version":[{"id":5460,"href":"http:\/\/ideasysoluciones.com.mx\/index.php\/wp-json\/wp\/v2\/pages\/65\/revisions\/5460"}],"wp:attachment":[{"href":"http:\/\/ideasysoluciones.com.mx\/index.php\/wp-json\/wp\/v2\/media?parent=65"}],"curies":[{"name":"wp","href":"https:\/\/api.w.org\/{rel}","templated":true}]}}