{"id":3736,"date":"2021-05-31T06:44:45","date_gmt":"2021-05-31T04:44:45","guid":{"rendered":"https:\/\/ideasysoluciones.com.mx\/?page_id=3736"},"modified":"2024-08-11T04:18:24","modified_gmt":"2024-08-11T02:18:24","slug":"about-us-el","status":"publish","type":"page","link":"http:\/\/ideasysoluciones.com.mx\/index.php\/about-us-el\/","title":{"rendered":"Nosotros"},"content":{"rendered":"<h4>DISTRIBUIDOR AUTORIZADO KYOCERA EN M\u00c9XICO<\/h4>\n<p>En Ideas y Soluciones en Copiado, distribuidor autorizado Kyocera en M\u00e9xico, damos respuesta a tus necesidades de impresi\u00f3n. Te ofrecemos un servicio integral, que incluye los mejores productos del mercado y soluciones para la gesti\u00f3n documental. Todo lo que necesitas en impresi\u00f3n a tu alcance.<br \/>\n<img decoding=\"async\" width=\"300\" height=\"97\" src=\"http:\/\/ideasysoluciones.com.mx\/wp-content\/uploads\/2020\/08\/Distribuidor_Autorizado-300x97.png\" alt=\"\" loading=\"lazy\" srcset=\"https:\/\/ideasysoluciones.com.mx\/wp-content\/uploads\/2020\/08\/Distribuidor_Autorizado-300x97.png 300w, https:\/\/ideasysoluciones.com.mx\/wp-content\/uploads\/2020\/08\/Distribuidor_Autorizado-1024x331.png 1024w, https:\/\/ideasysoluciones.com.mx\/wp-content\/uploads\/2020\/08\/Distribuidor_Autorizado-768x248.png 768w, https:\/\/ideasysoluciones.com.mx\/wp-content\/uploads\/2020\/08\/Distribuidor_Autorizado-1536x496.png 1536w, https:\/\/ideasysoluciones.com.mx\/wp-content\/uploads\/2020\/08\/Distribuidor_Autorizado-370x120.png 370w, https:\/\/ideasysoluciones.com.mx\/wp-content\/uploads\/2020\/08\/Distribuidor_Autorizado-760x246.png 760w, https:\/\/ideasysoluciones.com.mx\/wp-content\/uploads\/2020\/08\/Distribuidor_Autorizado-1520x491.png 1520w, https:\/\/ideasysoluciones.com.mx\/wp-content\/uploads\/2020\/08\/Distribuidor_Autorizado-740x239.png 740w, https:\/\/ideasysoluciones.com.mx\/wp-content\/uploads\/2020\/08\/Distribuidor_Autorizado-600x194.png 600w, https:\/\/ideasysoluciones.com.mx\/wp-content\/uploads\/2020\/08\/Distribuidor_Autorizado.png 1838w\" sizes=\"(max-width: 300px) 100vw, 300px\" \/><br \/>\n<img decoding=\"async\" width=\"1536\" height=\"960\" src=\"http:\/\/ideasysoluciones.com.mx\/wp-content\/uploads\/2024\/08\/hero_1536x960_groupdiscussion-2.jpg\" alt=\"\" loading=\"lazy\" srcset=\"https:\/\/ideasysoluciones.com.mx\/wp-content\/uploads\/2024\/08\/hero_1536x960_groupdiscussion-2.jpg 1536w, https:\/\/ideasysoluciones.com.mx\/wp-content\/uploads\/2024\/08\/hero_1536x960_groupdiscussion-2-300x188.jpg 300w, https:\/\/ideasysoluciones.com.mx\/wp-content\/uploads\/2024\/08\/hero_1536x960_groupdiscussion-2-1024x640.jpg 1024w, https:\/\/ideasysoluciones.com.mx\/wp-content\/uploads\/2024\/08\/hero_1536x960_groupdiscussion-2-768x480.jpg 768w, https:\/\/ideasysoluciones.com.mx\/wp-content\/uploads\/2024\/08\/hero_1536x960_groupdiscussion-2-370x231.jpg 370w, https:\/\/ideasysoluciones.com.mx\/wp-content\/uploads\/2024\/08\/hero_1536x960_groupdiscussion-2-760x475.jpg 760w, https:\/\/ideasysoluciones.com.mx\/wp-content\/uploads\/2024\/08\/hero_1536x960_groupdiscussion-2-1520x950.jpg 1520w, https:\/\/ideasysoluciones.com.mx\/wp-content\/uploads\/2024\/08\/hero_1536x960_groupdiscussion-2-740x463.jpg 740w, https:\/\/ideasysoluciones.com.mx\/wp-content\/uploads\/2024\/08\/hero_1536x960_groupdiscussion-2-600x375.jpg 600w\" sizes=\"(max-width: 1536px) 100vw, 1536px\" \/><br \/>\n<img decoding=\"async\" width=\"1536\" height=\"960\" src=\"http:\/\/ideasysoluciones.com.mx\/wp-content\/uploads\/2024\/08\/hero_1536x960_factory-workers.jpg\" alt=\"\" loading=\"lazy\" srcset=\"https:\/\/ideasysoluciones.com.mx\/wp-content\/uploads\/2024\/08\/hero_1536x960_factory-workers.jpg 1536w, https:\/\/ideasysoluciones.com.mx\/wp-content\/uploads\/2024\/08\/hero_1536x960_factory-workers-300x188.jpg 300w, https:\/\/ideasysoluciones.com.mx\/wp-content\/uploads\/2024\/08\/hero_1536x960_factory-workers-1024x640.jpg 1024w, https:\/\/ideasysoluciones.com.mx\/wp-content\/uploads\/2024\/08\/hero_1536x960_factory-workers-768x480.jpg 768w, https:\/\/ideasysoluciones.com.mx\/wp-content\/uploads\/2024\/08\/hero_1536x960_factory-workers-370x231.jpg 370w, https:\/\/ideasysoluciones.com.mx\/wp-content\/uploads\/2024\/08\/hero_1536x960_factory-workers-760x475.jpg 760w, https:\/\/ideasysoluciones.com.mx\/wp-content\/uploads\/2024\/08\/hero_1536x960_factory-workers-1520x950.jpg 1520w, https:\/\/ideasysoluciones.com.mx\/wp-content\/uploads\/2024\/08\/hero_1536x960_factory-workers-740x463.jpg 740w, https:\/\/ideasysoluciones.com.mx\/wp-content\/uploads\/2024\/08\/hero_1536x960_factory-workers-600x375.jpg 600w\" sizes=\"(max-width: 1536px) 100vw, 1536px\" \/><\/p>\n<h3>En ideas Y Soluciones<\/h3>\n<p>Contamos con una fuerza laboral altamente capacitada y comprometida con dar a nuestros clientes la mejor atencio\u0301n y servicio.<\/p>\n<aside id=\"trx_widget_socials_195549487_widget\"><a target=\"_blank\" href=\"https:\/\/www.facebook.com\/ideasysolucionescc\" rel=\"noopener\"><\/a><a target=\"_blank\" href=\"https:\/\/www.instagram.com\/ideasysoluciones_\/\" rel=\"noopener\"><\/a><a target=\"_blank\" href=\"https:\/\/wa.me\/+528117646868\" rel=\"noopener\"><\/a><a target=\"_blank\" href=\"https:\/\/wa.me\/+528112442352\" rel=\"noopener\"><\/a><\/aside>\n","protected":false},"excerpt":{"rendered":"<p>DISTRIBUIDOR AUTORIZADO KYOCERA EN M\u00c9XICO En Ideas y Soluciones en Copiado, distribuidor autorizado Kyocera en M\u00e9xico, damos respuesta a tus necesidades de impresi\u00f3n. Te ofrecemos un servicio integral, que incluye los mejores productos del mercado y soluciones para la gesti\u00f3n documental. Todo lo que necesitas en impresi\u00f3n a tu alcance. En ideas Y Soluciones Contamos con una fuerza laboral altamente&hellip;<\/p>\n","protected":false},"author":1,"featured_media":0,"parent":0,"menu_order":0,"comment_status":"closed","ping_status":"closed","template":"","meta":{"footnotes":""},"_links":{"self":[{"href":"http:\/\/ideasysoluciones.com.mx\/index.php\/wp-json\/wp\/v2\/pages\/3736"}],"collection":[{"href":"http:\/\/ideasysoluciones.com.mx\/index.php\/wp-json\/wp\/v2\/pages"}],"about":[{"href":"http:\/\/ideasysoluciones.com.mx\/index.php\/wp-json\/wp\/v2\/types\/page"}],"author":[{"embeddable":true,"href":"http:\/\/ideasysoluciones.com.mx\/index.php\/wp-json\/wp\/v2\/users\/1"}],"replies":[{"embeddable":true,"href":"http:\/\/ideasysoluciones.com.mx\/index.php\/wp-json\/wp\/v2\/comments?post=3736"}],"version-history":[{"count":10,"href":"http:\/\/ideasysoluciones.com.mx\/index.php\/wp-json\/wp\/v2\/pages\/3736\/revisions"}],"predecessor-version":[{"id":5447,"href":"http:\/\/ideasysoluciones.com.mx\/index.php\/wp-json\/wp\/v2\/pages\/3736\/revisions\/5447"}],"wp:attachment":[{"href":"http:\/\/ideasysoluciones.com.mx\/index.php\/wp-json\/wp\/v2\/media?parent=3736"}],"curies":[{"name":"wp","href":"https:\/\/api.w.org\/{rel}","templated":true}]}}